{"id":294,"date":"2016-11-03T16:50:09","date_gmt":"2016-11-03T16:50:09","guid":{"rendered":"http:\/\/lawyer2.mythemecloud.io\/?page_id=294"},"modified":"2025-02-23T15:17:29","modified_gmt":"2025-02-23T15:17:29","slug":"proizvodi","status":"publish","type":"page","link":"https:\/\/jasminpmg.hr\/index.php\/proizvodi\/","title":{"rendered":"Proizvodi"},"content":{"rendered":"\t\t<div data-elementor-type=\"wp-post\" data-elementor-id=\"294\" class=\"elementor elementor-294\">\n\t\t\t\t\t\t<section class=\"elementor-section elementor-top-section elementor-element elementor-element-bu71rau elementor-section-boxed elementor-section-height-default elementor-section-height-default\" data-id=\"bu71rau\" data-element_type=\"section\" data-e-type=\"section\" data-settings=\"{&quot;background_background&quot;:&quot;classic&quot;}\">\n\t\t\t\t\t\t<div class=\"elementor-container elementor-column-gap-default\">\n\t\t\t\t\t<div class=\"elementor-column elementor-col-25 elementor-top-column elementor-element elementor-element-p4b3n7m\" data-id=\"p4b3n7m\" data-element_type=\"column\" data-e-type=\"column\">\n\t\t\t<div class=\"elementor-widget-wrap elementor-element-populated\">\n\t\t\t\t\t\t<div class=\"elementor-element elementor-element-mudrmeq areas-box elementor-position-top elementor-widget elementor-widget-image-box\" data-id=\"mudrmeq\" data-element_type=\"widget\" data-e-type=\"widget\" data-widget_type=\"image-box.default\">\n\t\t\t\t<div class=\"elementor-widget-container\">\n\t\t\t\t\t<div class=\"elementor-image-box-wrapper\"><figure class=\"elementor-image-box-img\"><a href=\"https:\/\/jasminpmg.hr\/index.php\/dr-eckstein\/\" tabindex=\"-1\"><img fetchpriority=\"high\" decoding=\"async\" width=\"2560\" height=\"1706\" src=\"https:\/\/jasminpmg.hr\/wp-content\/uploads\/2024\/12\/JC6A4679-scaled.jpg\" class=\"attachment-full size-full wp-image-911\" alt=\"\" srcset=\"https:\/\/jasminpmg.hr\/wp-content\/uploads\/2024\/12\/JC6A4679-scaled.jpg 2560w, https:\/\/jasminpmg.hr\/wp-content\/uploads\/2024\/12\/JC6A4679-300x200.jpg 300w, https:\/\/jasminpmg.hr\/wp-content\/uploads\/2024\/12\/JC6A4679-1024x683.jpg 1024w, https:\/\/jasminpmg.hr\/wp-content\/uploads\/2024\/12\/JC6A4679-768x512.jpg 768w, https:\/\/jasminpmg.hr\/wp-content\/uploads\/2024\/12\/JC6A4679-1536x1024.jpg 1536w, https:\/\/jasminpmg.hr\/wp-content\/uploads\/2024\/12\/JC6A4679-2048x1365.jpg 2048w\" sizes=\"(max-width: 2560px) 100vw, 2560px\" \/><\/a><\/figure><div class=\"elementor-image-box-content\"><h2 class=\"elementor-image-box-title\"><a href=\"https:\/\/jasminpmg.hr\/index.php\/dr-eckstein\/\">DR.ECKSTEIN<\/a><\/h2><p class=\"elementor-image-box-description\">Prvi brend je startao davne 1949 godine. Njihove vrijednosti su nepromjenjene ve\u0107 sada tri generacije, jedino \u0161to stalno rade na kontinuiranom razvoju svojih preparata .<\/p><\/div><\/div>\t\t\t\t<\/div>\n\t\t\t\t<\/div>\n\t\t\t\t<div class=\"elementor-element elementor-element-clyq47f areas-box elementor-widget__width-initial elementor-position-top elementor-widget elementor-widget-image-box\" data-id=\"clyq47f\" data-element_type=\"widget\" data-e-type=\"widget\" data-widget_type=\"image-box.default\">\n\t\t\t\t<div class=\"elementor-widget-container\">\n\t\t\t\t\t<div class=\"elementor-image-box-wrapper\"><figure class=\"elementor-image-box-img\"><a href=\"#\" tabindex=\"-1\"><img decoding=\"async\" width=\"600\" height=\"350\" src=\"https:\/\/jasminpmg.hr\/wp-content\/uploads\/2025\/02\/clarena-logo-png_seeklogo-229271-e1740323424891.png\" class=\"attachment-full size-full wp-image-988\" alt=\"\" srcset=\"https:\/\/jasminpmg.hr\/wp-content\/uploads\/2025\/02\/clarena-logo-png_seeklogo-229271-e1740323424891.png 600w, https:\/\/jasminpmg.hr\/wp-content\/uploads\/2025\/02\/clarena-logo-png_seeklogo-229271-e1740323424891-300x175.png 300w\" sizes=\"(max-width: 600px) 100vw, 600px\" \/><\/a><\/figure><div class=\"elementor-image-box-content\"><h2 class=\"elementor-image-box-title\"><a href=\"#\">poljska kozmetika<\/a><\/h2><p class=\"elementor-image-box-description\">Clarena  od 2005 godine inspirira kozmeti\u010dke salone pru\u017eaju\u010di im proizvode vrhunske kvalitete .\nTajna uspjeha Clarene le\u017ei u sinergiji prirode i inovativnih aktivnih tvari ,poput ekstrata kavijara ,pu\u017eevog mucina ili peptida koji opona\u0161aju zmijski otrov,vitamina U koji dolazi iz kupusa ,i naravno mnoge druge.Kozmetika Clarena proizvedena je prema najvi\u0161im standardima dobre proizvo\u0111a\u010dke prakse GMP ,to jam\u010di uskla\u0111enost sa rigoroznim i sustavno nadziranim zahtjevima za proizvodne postupke ,kontrolu kvalitete i sigurnost u svakoj fazi stvaranja proizvoda.\nKod nas u Hrvatsku je stigla tek 2024 godine i naravno mi smo se na\u0161li u toj kozmetici kako bi pro\u0161irili asortiman koje na\u0161e ku\u010de  do sad nemaju na tr\u017ei\u0161tu.\nMoramo naglasiti da smo za sada kao i na\u0161i kozmeti\u010dki saloni jako zadovoljni .Imaju za svakoga pone\u0161to i jako se dobro pokazalo kao tretmani u salonu kao i za ku\u0107nu upotrebu.\n<\/p><\/div><\/div>\t\t\t\t<\/div>\n\t\t\t\t<\/div>\n\t\t\t\t\t<\/div>\n\t\t<\/div>\n\t\t\t\t<div class=\"elementor-column elementor-col-25 elementor-top-column elementor-element elementor-element-94z8gp3\" data-id=\"94z8gp3\" data-element_type=\"column\" data-e-type=\"column\">\n\t\t\t<div class=\"elementor-widget-wrap elementor-element-populated\">\n\t\t\t\t\t\t<div class=\"elementor-element elementor-element-o8y6vue areas-box elementor-position-top elementor-widget elementor-widget-image-box\" data-id=\"o8y6vue\" data-element_type=\"widget\" data-e-type=\"widget\" data-widget_type=\"image-box.default\">\n\t\t\t\t<div class=\"elementor-widget-container\">\n\t\t\t\t\t<div class=\"elementor-image-box-wrapper\"><figure class=\"elementor-image-box-img\"><a href=\"#\" tabindex=\"-1\"><img decoding=\"async\" width=\"2560\" height=\"1706\" src=\"https:\/\/jasminpmg.hr\/wp-content\/uploads\/2024\/12\/JC6A4732-scaled.jpg\" class=\"attachment-full size-full wp-image-918\" alt=\"\" srcset=\"https:\/\/jasminpmg.hr\/wp-content\/uploads\/2024\/12\/JC6A4732-scaled.jpg 2560w, https:\/\/jasminpmg.hr\/wp-content\/uploads\/2024\/12\/JC6A4732-300x200.jpg 300w, https:\/\/jasminpmg.hr\/wp-content\/uploads\/2024\/12\/JC6A4732-1024x683.jpg 1024w, https:\/\/jasminpmg.hr\/wp-content\/uploads\/2024\/12\/JC6A4732-768x512.jpg 768w, https:\/\/jasminpmg.hr\/wp-content\/uploads\/2024\/12\/JC6A4732-1536x1024.jpg 1536w, https:\/\/jasminpmg.hr\/wp-content\/uploads\/2024\/12\/JC6A4732-2048x1365.jpg 2048w\" sizes=\"(max-width: 2560px) 100vw, 2560px\" \/><\/a><\/figure><div class=\"elementor-image-box-content\"><h2 class=\"elementor-image-box-title\"><a href=\"#\">BALSAN<\/a><\/h2><p class=\"elementor-image-box-description\"><br>Losion bez  predhodnog namakanja za odstranjivanje zadebljane ko\u017ee stopala i ko\u017eice oko noktiju.<br><\/p><\/div><\/div>\t\t\t\t<\/div>\n\t\t\t\t<\/div>\n\t\t\t\t\t<\/div>\n\t\t<\/div>\n\t\t\t\t<div class=\"elementor-column elementor-col-50 elementor-top-column elementor-element elementor-element-phobwjz\" data-id=\"phobwjz\" data-element_type=\"column\" data-e-type=\"column\">\n\t\t\t<div class=\"elementor-widget-wrap elementor-element-populated\">\n\t\t\t\t\t\t<div class=\"elementor-element elementor-element-73gt1to areas-box elementor-position-top elementor-widget elementor-widget-image-box\" data-id=\"73gt1to\" data-element_type=\"widget\" data-e-type=\"widget\" data-widget_type=\"image-box.default\">\n\t\t\t\t<div class=\"elementor-widget-container\">\n\t\t\t\t\t<div class=\"elementor-image-box-wrapper\"><figure class=\"elementor-image-box-img\"><a href=\"#\" tabindex=\"-1\"><img loading=\"lazy\" decoding=\"async\" width=\"2560\" height=\"1706\" src=\"https:\/\/jasminpmg.hr\/wp-content\/uploads\/2024\/12\/JC6A4633-scaled.jpg\" class=\"attachment-full size-full wp-image-908\" alt=\"\" srcset=\"https:\/\/jasminpmg.hr\/wp-content\/uploads\/2024\/12\/JC6A4633-scaled.jpg 2560w, https:\/\/jasminpmg.hr\/wp-content\/uploads\/2024\/12\/JC6A4633-300x200.jpg 300w, https:\/\/jasminpmg.hr\/wp-content\/uploads\/2024\/12\/JC6A4633-1024x683.jpg 1024w, https:\/\/jasminpmg.hr\/wp-content\/uploads\/2024\/12\/JC6A4633-768x512.jpg 768w, https:\/\/jasminpmg.hr\/wp-content\/uploads\/2024\/12\/JC6A4633-1536x1024.jpg 1536w, https:\/\/jasminpmg.hr\/wp-content\/uploads\/2024\/12\/JC6A4633-2048x1365.jpg 2048w\" sizes=\"(max-width: 2560px) 100vw, 2560px\" \/><\/a><\/figure><div class=\"elementor-image-box-content\"><h2 class=\"elementor-image-box-title\"><a href=\"#\">AROMAWICKEL od Wiener Kosmetikuma<\/a><\/h2><p class=\"elementor-image-box-description\">metoda Wiener Kosmetikum-a protiv celulita \u2013 povijanje sa zavojima u \u010detiri faze:<br>\n1. \u2013 soft\n2. \u2013 medium\n3. \u2013 extra\n4. supra.\n<br>\n<\/p><\/div><\/div>\t\t\t\t<\/div>\n\t\t\t\t<\/div>\n\t\t\t\t<div class=\"elementor-element elementor-element-403112c areas-box elementor-position-top elementor-widget elementor-widget-image-box\" data-id=\"403112c\" data-element_type=\"widget\" data-e-type=\"widget\" data-widget_type=\"image-box.default\">\n\t\t\t\t<div class=\"elementor-widget-container\">\n\t\t\t\t\t<div class=\"elementor-image-box-wrapper\"><figure class=\"elementor-image-box-img\"><a href=\"#\" tabindex=\"-1\"><img loading=\"lazy\" decoding=\"async\" width=\"4494\" height=\"2641\" src=\"https:\/\/jasminpmg.hr\/wp-content\/uploads\/2024\/12\/cropped-JasminPMG_Logo.png\" class=\"attachment-full size-full wp-image-971\" alt=\"\" srcset=\"https:\/\/jasminpmg.hr\/wp-content\/uploads\/2024\/12\/cropped-JasminPMG_Logo.png 4494w, https:\/\/jasminpmg.hr\/wp-content\/uploads\/2024\/12\/cropped-JasminPMG_Logo-300x176.png 300w, https:\/\/jasminpmg.hr\/wp-content\/uploads\/2024\/12\/cropped-JasminPMG_Logo-1024x602.png 1024w, https:\/\/jasminpmg.hr\/wp-content\/uploads\/2024\/12\/cropped-JasminPMG_Logo-768x451.png 768w, https:\/\/jasminpmg.hr\/wp-content\/uploads\/2024\/12\/cropped-JasminPMG_Logo-1536x903.png 1536w, https:\/\/jasminpmg.hr\/wp-content\/uploads\/2024\/12\/cropped-JasminPMG_Logo-2048x1204.png 2048w\" sizes=\"(max-width: 4494px) 100vw, 4494px\" \/><\/a><\/figure><div class=\"elementor-image-box-content\"><h2 class=\"elementor-image-box-title\"><a href=\"#\">za\u0161to odabrati na\u0161e proizvode<\/a><\/h2><p class=\"elementor-image-box-description\">Proizvodi su vrhunski i namjenjeni samo za profesionalnu djelatnost , na Vama je da ju nudite dalje, a mi jam\u010dimo izvrsne rezultate.\nSIGURNOST  Mi stojimo iza Vas,rado se nalazimo s Vama i uvijek smo tu na raspolaganju ako zapnete.\n\nJAMSTVO-Garantiramo u kvalitetu robe , dostavu vr\u0161imo unatar 24 sata ,ljubaznost i profesionalnost.\n<\/p><\/div><\/div>\t\t\t\t<\/div>\n\t\t\t\t<\/div>\n\t\t\t\t\t<\/div>\n\t\t<\/div>\n\t\t\t\t\t<\/div>\n\t\t<\/section>\n\t\t\t\t<\/div>\n\t\t","protected":false},"excerpt":{"rendered":"<p>DR.ECKSTEIN Prvi brend je startao davne 1949 godine. Njihove vrijednosti su nepromjenjene ve\u0107 sada tri generacije, jedino \u0161to stalno rade na kontinuiranom razvoju svojih preparata . poljska kozmetika Clarena od 2005 godine inspirira kozmeti\u010dke salone pru\u017eaju\u010di im proizvode vrhunske kvalitete . Tajna uspjeha Clarene le\u017ei u sinergiji prirode i inovativnih aktivnih tvari ,poput ekstrata kavijara [&hellip;]<\/p>\n","protected":false},"author":1,"featured_media":0,"parent":0,"menu_order":0,"comment_status":"closed","ping_status":"closed","template":"","meta":{"ocean_post_layout":"full-screen","ocean_both_sidebars_style":"","ocean_both_sidebars_content_width":0,"ocean_both_sidebars_sidebars_width":0,"ocean_sidebar":"0","ocean_second_sidebar":"0","ocean_disable_margins":"enable","ocean_add_body_class":"","ocean_shortcode_before_top_bar":"","ocean_shortcode_after_top_bar":"","ocean_shortcode_before_header":"","ocean_shortcode_after_header":"","ocean_has_shortcode":"","ocean_shortcode_after_title":"","ocean_shortcode_before_footer_widgets":"","ocean_shortcode_after_footer_widgets":"","ocean_shortcode_before_footer_bottom":"","ocean_shortcode_after_footer_bottom":"","ocean_display_top_bar":"default","ocean_display_header":"default","ocean_header_style":"","ocean_center_header_left_menu":"0","ocean_custom_header_template":"0","ocean_custom_logo":0,"ocean_custom_retina_logo":0,"ocean_custom_logo_max_width":0,"ocean_custom_logo_tablet_max_width":0,"ocean_custom_logo_mobile_max_width":0,"ocean_custom_logo_max_height":0,"ocean_custom_logo_tablet_max_height":0,"ocean_custom_logo_mobile_max_height":0,"ocean_header_custom_menu":"0","ocean_menu_typo_font_family":"0","ocean_menu_typo_font_subset":"","ocean_menu_typo_font_size":0,"ocean_menu_typo_font_size_tablet":0,"ocean_menu_typo_font_size_mobile":0,"ocean_menu_typo_font_size_unit":"px","ocean_menu_typo_font_weight":"","ocean_menu_typo_font_weight_tablet":"","ocean_menu_typo_font_weight_mobile":"","ocean_menu_typo_transform":"","ocean_menu_typo_transform_tablet":"","ocean_menu_typo_transform_mobile":"","ocean_menu_typo_line_height":0,"ocean_menu_typo_line_height_tablet":0,"ocean_menu_typo_line_height_mobile":0,"ocean_menu_typo_line_height_unit":"","ocean_menu_typo_spacing":0,"ocean_menu_typo_spacing_tablet":0,"ocean_menu_typo_spacing_mobile":0,"ocean_menu_typo_spacing_unit":"","ocean_menu_link_color":"","ocean_menu_link_color_hover":"","ocean_menu_link_color_active":"","ocean_menu_link_background":"","ocean_menu_link_hover_background":"","ocean_menu_link_active_background":"","ocean_menu_social_links_bg":"","ocean_menu_social_hover_links_bg":"","ocean_menu_social_links_color":"","ocean_menu_social_hover_links_color":"","ocean_disable_title":"default","ocean_disable_heading":"default","ocean_post_title":"","ocean_post_subheading":"","ocean_post_title_style":"","ocean_post_title_background_color":"","ocean_post_title_background":0,"ocean_post_title_bg_image_position":"","ocean_post_title_bg_image_attachment":"","ocean_post_title_bg_image_repeat":"","ocean_post_title_bg_image_size":"","ocean_post_title_height":0,"ocean_post_title_bg_overlay":0.5,"ocean_post_title_bg_overlay_color":"","ocean_disable_breadcrumbs":"default","ocean_breadcrumbs_color":"","ocean_breadcrumbs_separator_color":"","ocean_breadcrumbs_links_color":"","ocean_breadcrumbs_links_hover_color":"","ocean_display_footer_widgets":"default","ocean_display_footer_bottom":"default","ocean_custom_footer_template":"0","footnotes":""},"class_list":["post-294","page","type-page","status-publish","hentry","entry"],"_links":{"self":[{"href":"https:\/\/jasminpmg.hr\/index.php\/wp-json\/wp\/v2\/pages\/294","targetHints":{"allow":["GET"]}}],"collection":[{"href":"https:\/\/jasminpmg.hr\/index.php\/wp-json\/wp\/v2\/pages"}],"about":[{"href":"https:\/\/jasminpmg.hr\/index.php\/wp-json\/wp\/v2\/types\/page"}],"author":[{"embeddable":true,"href":"https:\/\/jasminpmg.hr\/index.php\/wp-json\/wp\/v2\/users\/1"}],"replies":[{"embeddable":true,"href":"https:\/\/jasminpmg.hr\/index.php\/wp-json\/wp\/v2\/comments?post=294"}],"version-history":[{"count":22,"href":"https:\/\/jasminpmg.hr\/index.php\/wp-json\/wp\/v2\/pages\/294\/revisions"}],"predecessor-version":[{"id":1000,"href":"https:\/\/jasminpmg.hr\/index.php\/wp-json\/wp\/v2\/pages\/294\/revisions\/1000"}],"wp:attachment":[{"href":"https:\/\/jasminpmg.hr\/index.php\/wp-json\/wp\/v2\/media?parent=294"}],"curies":[{"name":"wp","href":"https:\/\/api.w.org\/{rel}","templated":true}]}}